{"id":1436,"date":"2023-04-14T16:08:37","date_gmt":"2023-04-14T16:08:37","guid":{"rendered":"https:\/\/mtnoma.lv\/?page_id=28"},"modified":"2026-04-22T09:28:44","modified_gmt":"2026-04-22T07:28:44","slug":"kvadracikli","status":"publish","type":"page","link":"https:\/\/mtnoma.lv\/?page_id=1436","title":{"rendered":"Kvadracikli"},"content":{"rendered":"<p><div class=\"fusion-fullwidth fullwidth-box fusion-builder-row-1 fusion-flex-container has-pattern-background has-mask-background fusion-parallax-none nonhundred-percent-fullwidth non-hundred-percent-height-scrolling fusion-animated\" style=\"--awb-border-radius-top-left:0px;--awb-border-radius-top-right:0px;--awb-border-radius-bottom-right:0px;--awb-border-radius-bottom-left:0px;--awb-padding-top:185.14100000000002px;--awb-padding-right:106px;--awb-padding-bottom:184.156px;--awb-padding-top-small:47px;--awb-padding-right-small:15px;--awb-padding-bottom-small:53px;--awb-margin-top:0px;--awb-background-color:var(--awb-color6);--awb-background-image:linear-gradient(180deg, hsla(var(--awb-color7-h),var(--awb-color7-s),var(--awb-color7-l),calc(var(--awb-color7-a) - 85%)) 0%,hsla(var(--awb-color7-h),var(--awb-color7-s),var(--awb-color7-l),calc(var(--awb-color7-a) - 55%)) 100%),url(https:\/\/mtnoma.lv\/wp-content\/uploads\/2025\/06\/CFORCE-1000-OVERLAND-1.jpg);;--awb-background-size:cover;--awb-flex-wrap:wrap;--awb-animation-color:var(--awb-color7);\" data-preload-img=\"https:\/\/mtnoma.lv\/wp-content\/uploads\/2025\/06\/CFORCE-1000-OVERLAND-1.jpg\" data-animationType=\"revealInLeft\" data-animationDuration=\"1.3\" data-animationOffset=\"top-into-view\" ><div class=\"fusion-builder-row fusion-row fusion-flex-align-items-stretch fusion-flex-justify-content-center fusion-flex-content-wrap\" style=\"max-width:calc( 1200px + 0px );margin-left: calc(-0px \/ 2 );margin-right: calc(-0px \/ 2 );\"><div class=\"fusion-layout-column fusion_builder_column fusion-builder-column-0 fusion-flex-column fusion-animated\" style=\"--awb-bg-size:cover;--awb-width-large:77.24%;--awb-margin-top-large:0px;--awb-spacing-right-large:0px;--awb-margin-bottom-large:0px;--awb-spacing-left-large:0px;--awb-width-medium:77.24%;--awb-order-medium:0;--awb-spacing-right-medium:0px;--awb-spacing-left-medium:0px;--awb-width-small:100%;--awb-order-small:0;--awb-spacing-right-small:0px;--awb-spacing-left-small:0px;\" data-animationType=\"fadeInUp\" data-animationDuration=\"1.3\" data-animationDelay=\"1.0\" data-animationOffset=\"top-into-view\"><div class=\"fusion-column-wrapper fusion-column-has-shadow fusion-flex-justify-content-flex-start fusion-content-layout-column\"><div class=\"fusion-title title fusion-title-1 fusion-no-medium-visibility fusion-no-large-visibility fusion-sep-none fusion-title-center fusion-title-text fusion-title-size-one\" style=\"--awb-text-color:var(--awb-color1);--awb-margin-bottom:60px;--awb-margin-bottom-small:30px;--awb-font-size:40px;\"><h1 class=\"fusion-title-heading title-heading-center\" style=\"margin:0;font-size:1em;line-height:52px;\">Kvadracikli<\/h1><\/div><div class=\"fusion-title title fusion-title-2 fusion-no-small-visibility fusion-sep-none fusion-title-center fusion-title-text fusion-title-size-one\" style=\"--awb-text-color:var(--awb-color1);--awb-margin-top:0px;--awb-margin-bottom:0px;\"><h1 class=\"fusion-title-heading title-heading-center\" style=\"margin:0;\">Kvadraciklu noma<\/h1><\/div><div class=\"fusion-text fusion-text-1\" style=\"--awb-text-transform:none;--awb-text-color:#ffffff;\"><h5 style=\"text-align: center; --fontsize: 50; line-height: 1.24; color: #ffffff;\"><strong>Izv\u0113lies sev piem\u0113rot\u0101ko kvadraciklu un izbaudi ce\u013cu ar jaudu, br\u012bv\u012bbu un pilnu kontroli.<\/strong><\/h5>\n<\/div><\/div><\/div><\/div><\/div><div class=\"fusion-fullwidth fullwidth-box fusion-builder-row-2 fusion-flex-container has-pattern-background has-mask-background nonhundred-percent-fullwidth non-hundred-percent-height-scrolling\" style=\"--awb-border-radius-top-left:0px;--awb-border-radius-top-right:0px;--awb-border-radius-bottom-right:0px;--awb-border-radius-bottom-left:0px;--awb-padding-top:83px;--awb-padding-right:409px;--awb-padding-bottom:72px;--awb-padding-left:185px;--awb-padding-right-medium:309px;--awb-padding-left-medium:53px;--awb-padding-top-small:22px;--awb-padding-right-small:12px;--awb-padding-left-small:23px;--awb-flex-wrap:nowrap;--awb-flex-wrap-medium:wrap;--awb-flex-wrap-small:wrap;\" ><div class=\"fusion-builder-row fusion-row fusion-flex-align-items-center fusion-flex-justify-content-center fusion-flex-content-wrap\" style=\"max-width:1248px;margin-left: calc(-4% \/ 2 );margin-right: calc(-4% \/ 2 );\"><div class=\"fusion-layout-column fusion_builder_column fusion-builder-column-1 fusion_builder_column_1_3 1_3 fusion-flex-column\" style=\"--awb-bg-size:cover;--awb-width-large:33.333333333333%;--awb-margin-top-large:0px;--awb-spacing-right-large:0%;--awb-margin-bottom-large:20px;--awb-spacing-left-large:5.76%;--awb-width-medium:33.333333333333%;--awb-order-medium:0;--awb-spacing-right-medium:0%;--awb-spacing-left-medium:5.76%;--awb-width-small:100%;--awb-order-small:0;--awb-spacing-right-small:1.92%;--awb-spacing-left-small:1.92%;\"><div class=\"fusion-column-wrapper fusion-column-has-shadow fusion-flex-justify-content-flex-start fusion-content-layout-block\"><div class=\"fusion-title title fusion-title-3 fusion-sep-none fusion-title-text fusion-title-size-one\"><h1 class=\"fusion-title-heading title-heading-left\" style=\"margin:0;\">CFORCE 1000<\/h1><\/div><div class=\"fusion-text fusion-text-2\"><p><strong>CENAS:<\/strong><\/p>\n<p><strong>Stundas tarifs<\/strong><br \/>\nStunda: 50 EUR<br \/>\nKatra n\u0101kam\u0101: 20 EUR<\/p>\n<p><strong>Dienas tarifs<\/strong><br \/>\nPirmdiena, Otrdiena, Tre\u0161diena, Ceturtdiena : 120 EUR<br \/>\nPiektdiena, Sestdiena, Sv\u0113tdiena: 160 EUR<\/p>\n<p><strong>Dro\u0161\u012bbas nauda:<\/strong> 200 EUR<\/p>\n<p><em>Papildus ir iesp\u0113ja iz\u012br\u0113t  \u0137iveri (5EUR)<\/em><\/p>\n<\/div><\/div><\/div><div class=\"fusion-layout-column fusion_builder_column fusion-builder-column-2 fusion_builder_column_2_5 2_5 fusion-flex-column\" style=\"--awb-bg-size:cover;--awb-width-large:40%;--awb-margin-top-large:0px;--awb-spacing-right-large:4.8%;--awb-margin-bottom-large:20px;--awb-spacing-left-large:4.8%;--awb-width-medium:40%;--awb-order-medium:0;--awb-spacing-right-medium:4.8%;--awb-spacing-left-medium:4.8%;--awb-width-small:100%;--awb-order-small:0;--awb-spacing-right-small:1.92%;--awb-spacing-left-small:1.92%;\"><div class=\"fusion-column-wrapper fusion-column-has-shadow fusion-flex-justify-content-flex-start fusion-content-layout-block\"><div class=\"fusion-image-element in-legacy-container\" style=\"--awb-caption-title-font-family:var(--h2_typography-font-family);--awb-caption-title-font-weight:var(--h2_typography-font-weight);--awb-caption-title-font-style:var(--h2_typography-font-style);--awb-caption-title-size:var(--h2_typography-font-size);--awb-caption-title-transform:var(--h2_typography-text-transform);--awb-caption-title-line-height:var(--h2_typography-line-height);--awb-caption-title-letter-spacing:var(--h2_typography-letter-spacing);\"><span class=\" fusion-imageframe imageframe-none imageframe-1 hover-type-none\"><img decoding=\"async\" width=\"1600\" height=\"1088\" title=\"1000-overland-my25-side-green-1\" src=\"https:\/\/mtnoma.lv\/wp-content\/uploads\/2025\/06\/1000-overland-my25-side-green-1.jpg\" data-orig-src=\"https:\/\/mtnoma.lv\/wp-content\/uploads\/2025\/06\/1000-overland-my25-side-green-1.jpg\" alt class=\"lazyload img-responsive wp-image-1643\" srcset=\"data:image\/svg+xml,%3Csvg%20xmlns%3D%27http%3A%2F%2Fwww.w3.org%2F2000%2Fsvg%27%20width%3D%271600%27%20height%3D%271088%27%20viewBox%3D%270%200%201600%201088%27%3E%3Crect%20width%3D%271600%27%20height%3D%271088%27%20fill-opacity%3D%220%22%2F%3E%3C%2Fsvg%3E\" data-srcset=\"https:\/\/mtnoma.lv\/wp-content\/uploads\/2025\/06\/1000-overland-my25-side-green-1-200x136.jpg 200w, https:\/\/mtnoma.lv\/wp-content\/uploads\/2025\/06\/1000-overland-my25-side-green-1-400x272.jpg 400w, https:\/\/mtnoma.lv\/wp-content\/uploads\/2025\/06\/1000-overland-my25-side-green-1-600x408.jpg 600w, https:\/\/mtnoma.lv\/wp-content\/uploads\/2025\/06\/1000-overland-my25-side-green-1-800x544.jpg 800w, https:\/\/mtnoma.lv\/wp-content\/uploads\/2025\/06\/1000-overland-my25-side-green-1-1200x816.jpg 1200w, https:\/\/mtnoma.lv\/wp-content\/uploads\/2025\/06\/1000-overland-my25-side-green-1.jpg 1600w\" data-sizes=\"auto\" data-orig-sizes=\"(max-width: 640px) 100vw, 600px\" \/><\/span><\/div><\/div><\/div><div class=\"fusion-layout-column fusion_builder_column fusion-builder-column-3 fusion_builder_column_2_5 2_5 fusion-flex-column\" style=\"--awb-bg-size:cover;--awb-width-large:40%;--awb-margin-top-large:0px;--awb-spacing-right-large:0%;--awb-margin-bottom-large:20px;--awb-spacing-left-large:4.8%;--awb-width-medium:40%;--awb-order-medium:0;--awb-spacing-right-medium:0%;--awb-spacing-left-medium:4.8%;--awb-width-small:100%;--awb-order-small:0;--awb-spacing-right-small:1.92%;--awb-spacing-left-small:1.92%;\"><div class=\"fusion-column-wrapper fusion-column-has-shadow fusion-flex-justify-content-center fusion-content-layout-column\"><div class=\"fusion-text fusion-text-3\"><p data-start=\"283\" data-end=\"562\"><strong data-start=\"283\" data-end=\"306\">CF MOTO CFORCE 1000<\/strong> ir jaud\u012bgs un daudzpus\u012bgs kvadracikls gan bezce\u013ca piedz\u012bvojumiem, gan ar\u012b pras\u012bg\u0101kiem darba uzdevumiem. To darbina 963 cm\u00b3 \u0161\u0137idrumdzes\u0113ts V2 dzin\u0113js, kas nodro\u0161ina izcilu jaudu un griezes momentu pat sare\u017e\u0123\u012btos apst\u0101k\u013cos.<\/p>\n<p data-start=\"600\" data-end=\"944\">\u2714 <strong data-start=\"602\" data-end=\"621\">Sp\u0113c\u012bgs dzin\u0113js<\/strong> \u2013 nodro\u0161ina p\u0101rliecino\u0161u vilkmi da\u017e\u0101dos apst\u0101k\u013cos<br data-start=\"671\" data-end=\"674\" \/>\u2714 <strong data-start=\"676\" data-end=\"698\">Pilnpiedzi\u0146a (4\u00d74)<\/strong> \u2013 liel\u0101ka stabilit\u0101te un sa\u0137ere uz grants, dub\u013ciem un sniega<br data-start=\"877\" data-end=\"880\" \/>\u2714 <strong data-start=\"882\" data-end=\"902\">Liela kravnes\u012bba<\/strong> \u2013 vieta ekip\u0113jumam un person\u012bgaj\u0101m mant\u0101m<\/p>\n<p data-start=\"623\" data-end=\"732\" data-is-last-node=\"\" data-is-only-node=\"\">CFORCE 1000 ir ide\u0101li piem\u0113rots gan ekstr\u0113miem piedz\u012bvojumiem dab\u0101, gan praktiskiem ikdienas darbiem.<\/p>\n<\/div><\/div><\/div><\/div><\/div>\n<div class=\"fusion-fullwidth fullwidth-box fusion-builder-row-3 fusion-flex-container has-pattern-background has-mask-background nonhundred-percent-fullwidth non-hundred-percent-height-scrolling\" style=\"--awb-border-radius-top-left:0px;--awb-border-radius-top-right:0px;--awb-border-radius-bottom-right:0px;--awb-border-radius-bottom-left:0px;--awb-padding-top:83px;--awb-padding-right:409px;--awb-padding-bottom:72px;--awb-padding-left:185px;--awb-padding-right-medium:309px;--awb-padding-left-medium:53px;--awb-padding-top-small:22px;--awb-padding-right-small:12px;--awb-padding-left-small:23px;--awb-flex-wrap:nowrap;--awb-flex-wrap-medium:wrap;--awb-flex-wrap-small:wrap;\" ><div class=\"fusion-builder-row fusion-row fusion-flex-align-items-center fusion-flex-justify-content-center fusion-flex-content-wrap\" style=\"max-width:1248px;margin-left: calc(-4% \/ 2 );margin-right: calc(-4% \/ 2 );\"><div class=\"fusion-layout-column fusion_builder_column fusion-builder-column-4 fusion_builder_column_1_3 1_3 fusion-flex-column\" style=\"--awb-bg-size:cover;--awb-width-large:33.333333333333%;--awb-margin-top-large:0px;--awb-spacing-right-large:0%;--awb-margin-bottom-large:20px;--awb-spacing-left-large:5.76%;--awb-width-medium:33.333333333333%;--awb-order-medium:0;--awb-spacing-right-medium:0%;--awb-spacing-left-medium:5.76%;--awb-width-small:100%;--awb-order-small:0;--awb-spacing-right-small:1.92%;--awb-spacing-left-small:1.92%;\"><div class=\"fusion-column-wrapper fusion-column-has-shadow fusion-flex-justify-content-flex-start fusion-content-layout-block\"><div class=\"fusion-title title fusion-title-4 fusion-sep-none fusion-title-text fusion-title-size-one\"><h1 class=\"fusion-title-heading title-heading-left\" style=\"margin:0;\">CFORCE 520L<\/h1><\/div><div class=\"fusion-text fusion-text-4\"><p><strong>CENAS:<\/strong><\/p>\n<p><strong>Stundas tarifs<\/strong><br \/>\nStunda: 40 EUR<br \/>\nKatra n\u0101kam\u0101: 15 EUR<\/p>\n<p><strong>Dienas tarifs<\/strong><br \/>\nPirmdiena, Otrdiena, Tre\u0161diena, Ceturtdiena : 90 EUR<br \/>\nPiektdiena, Sestdiena, Sv\u0113tdiena: 120 EUR<\/p>\n<p><strong>Dro\u0161\u012bbas nauda:<\/strong> 200 EUR<\/p>\n<p><em>Papildus ir iesp\u0113ja iz\u012br\u0113t  \u0137iveri (5EUR)<\/em><\/p>\n<\/div><\/div><\/div><div class=\"fusion-layout-column fusion_builder_column fusion-builder-column-5 fusion_builder_column_2_5 2_5 fusion-flex-column\" style=\"--awb-bg-size:cover;--awb-width-large:40%;--awb-margin-top-large:0px;--awb-spacing-right-large:4.8%;--awb-margin-bottom-large:20px;--awb-spacing-left-large:4.8%;--awb-width-medium:40%;--awb-order-medium:0;--awb-spacing-right-medium:4.8%;--awb-spacing-left-medium:4.8%;--awb-width-small:100%;--awb-order-small:0;--awb-spacing-right-small:1.92%;--awb-spacing-left-small:1.92%;\"><div class=\"fusion-column-wrapper fusion-column-has-shadow fusion-flex-justify-content-flex-start fusion-content-layout-block\"><div class=\"fusion-image-element in-legacy-container\" style=\"--awb-caption-title-font-family:var(--h2_typography-font-family);--awb-caption-title-font-weight:var(--h2_typography-font-weight);--awb-caption-title-font-style:var(--h2_typography-font-style);--awb-caption-title-size:var(--h2_typography-font-size);--awb-caption-title-transform:var(--h2_typography-text-transform);--awb-caption-title-line-height:var(--h2_typography-line-height);--awb-caption-title-letter-spacing:var(--h2_typography-letter-spacing);\"><span class=\" fusion-imageframe imageframe-none imageframe-2 hover-type-none\"><img decoding=\"async\" width=\"2560\" height=\"1707\" title=\"2020_CFORCE 520 L_Fire Red_Left 45_167\" src=\"https:\/\/mtnoma.lv\/wp-content\/uploads\/2025\/06\/2020_CFORCE-520-L_Fire-Red_Left-45_167-1-scaled.jpg\" data-orig-src=\"https:\/\/mtnoma.lv\/wp-content\/uploads\/2025\/06\/2020_CFORCE-520-L_Fire-Red_Left-45_167-1-scaled.jpg\" alt class=\"lazyload img-responsive wp-image-1640\" srcset=\"data:image\/svg+xml,%3Csvg%20xmlns%3D%27http%3A%2F%2Fwww.w3.org%2F2000%2Fsvg%27%20width%3D%272560%27%20height%3D%271707%27%20viewBox%3D%270%200%202560%201707%27%3E%3Crect%20width%3D%272560%27%20height%3D%271707%27%20fill-opacity%3D%220%22%2F%3E%3C%2Fsvg%3E\" data-srcset=\"https:\/\/mtnoma.lv\/wp-content\/uploads\/2025\/06\/2020_CFORCE-520-L_Fire-Red_Left-45_167-1-200x133.jpg 200w, https:\/\/mtnoma.lv\/wp-content\/uploads\/2025\/06\/2020_CFORCE-520-L_Fire-Red_Left-45_167-1-400x267.jpg 400w, https:\/\/mtnoma.lv\/wp-content\/uploads\/2025\/06\/2020_CFORCE-520-L_Fire-Red_Left-45_167-1-600x400.jpg 600w, https:\/\/mtnoma.lv\/wp-content\/uploads\/2025\/06\/2020_CFORCE-520-L_Fire-Red_Left-45_167-1-800x533.jpg 800w, https:\/\/mtnoma.lv\/wp-content\/uploads\/2025\/06\/2020_CFORCE-520-L_Fire-Red_Left-45_167-1-1200x800.jpg 1200w, https:\/\/mtnoma.lv\/wp-content\/uploads\/2025\/06\/2020_CFORCE-520-L_Fire-Red_Left-45_167-1-scaled.jpg 2560w\" data-sizes=\"auto\" data-orig-sizes=\"(max-width: 640px) 100vw, 600px\" \/><\/span><\/div><\/div><\/div><div class=\"fusion-layout-column fusion_builder_column fusion-builder-column-6 fusion_builder_column_2_5 2_5 fusion-flex-column\" style=\"--awb-bg-size:cover;--awb-width-large:40%;--awb-margin-top-large:0px;--awb-spacing-right-large:0%;--awb-margin-bottom-large:20px;--awb-spacing-left-large:4.8%;--awb-width-medium:40%;--awb-order-medium:0;--awb-spacing-right-medium:0%;--awb-spacing-left-medium:4.8%;--awb-width-small:100%;--awb-order-small:0;--awb-spacing-right-small:1.92%;--awb-spacing-left-small:1.92%;\"><div class=\"fusion-column-wrapper fusion-column-has-shadow fusion-flex-justify-content-center fusion-content-layout-column\"><div class=\"fusion-text fusion-text-5\"><p data-start=\"57\" data-end=\"402\"><strong data-start=\"57\" data-end=\"80\">CF MOTO CFORCE 520L<\/strong> ir augstas veiktsp\u0113jas kvadracikls, kas nodro\u0161ina lielisku jaudu un iztur\u012bbu da\u017e\u0101dos ce\u013ca apst\u0101k\u013cos. Tas ir apr\u012bkots ar jaud\u012bgu dzin\u0113ju un iztur\u012bgu konstrukciju, kas ir \u012bpa\u0161i piem\u0113rota bezce\u013cu brauk\u0161anai. Touring mode\u013ca versijai var b\u016bt t\u0101das papildu priek\u0161roc\u012bbas k\u0101 \u0113rta s\u0113dvieta diviem pasa\u017eieriem un liela kravnes\u012bba.<\/p>\n<p data-start=\"404\" data-end=\"533\">T\u0101pat k\u0101 citi kvadracikli, ar\u012b <strong data-start=\"435\" data-end=\"466\">CF MOTO CFORCE 520L Touring<\/strong> pied\u0101v\u0101 pilnpiedzi\u0146u, kas uzlabo stabilit\u0101ti da\u017e\u0101dos ce\u013ca segumos.<\/p>\n<p data-start=\"535\" data-end=\"621\"><strong data-start=\"535\" data-end=\"558\">CF MOTO CFORCE 520L<\/strong> ir kvadracikls, kas pieder <strong data-start=\"586\" data-end=\"596\">CFMOTO<\/strong> z\u012bmola produktu kl\u0101stam.<\/p>\n<p data-start=\"623\" data-end=\"754\"><strong data-start=\"623\" data-end=\"633\">CFMOTO<\/strong> ir labi zin\u0101ms ra\u017eot\u0101js, kas specializ\u0113jas kvadraciklu (ATV) un univers\u0101lo transportl\u012bdzek\u013cu (UTV) izstr\u0101d\u0113 un ra\u017eo\u0161an\u0101.<\/p>\n<\/div><\/div><\/div><\/div><\/div><\/p>\n","protected":false},"excerpt":{"rendered":"","protected":false},"author":1,"featured_media":0,"parent":0,"menu_order":0,"comment_status":"closed","ping_status":"closed","template":"100-width.php","meta":{"footnotes":""},"class_list":["post-1436","page","type-page","status-publish","hentry"],"_links":{"self":[{"href":"https:\/\/mtnoma.lv\/index.php?rest_route=\/wp\/v2\/pages\/1436","targetHints":{"allow":["GET"]}}],"collection":[{"href":"https:\/\/mtnoma.lv\/index.php?rest_route=\/wp\/v2\/pages"}],"about":[{"href":"https:\/\/mtnoma.lv\/index.php?rest_route=\/wp\/v2\/types\/page"}],"author":[{"embeddable":true,"href":"https:\/\/mtnoma.lv\/index.php?rest_route=\/wp\/v2\/users\/1"}],"replies":[{"embeddable":true,"href":"https:\/\/mtnoma.lv\/index.php?rest_route=%2Fwp%2Fv2%2Fcomments&post=1436"}],"version-history":[{"count":10,"href":"https:\/\/mtnoma.lv\/index.php?rest_route=\/wp\/v2\/pages\/1436\/revisions"}],"predecessor-version":[{"id":1709,"href":"https:\/\/mtnoma.lv\/index.php?rest_route=\/wp\/v2\/pages\/1436\/revisions\/1709"}],"wp:attachment":[{"href":"https:\/\/mtnoma.lv\/index.php?rest_route=%2Fwp%2Fv2%2Fmedia&parent=1436"}],"curies":[{"name":"wp","href":"https:\/\/api.w.org\/{rel}","templated":true}]}}