{"id":1673,"date":"2025-06-26T09:56:58","date_gmt":"2025-06-26T07:56:58","guid":{"rendered":"https:\/\/mtnoma.lv\/?page_id=1673"},"modified":"2026-04-22T09:33:03","modified_gmt":"2026-04-22T07:33:03","slug":"nomas-nosacijumi","status":"publish","type":"page","link":"https:\/\/mtnoma.lv\/?page_id=1673","title":{"rendered":"Nomas nosac\u012bjumi"},"content":{"rendered":"<p><div class=\"fusion-fullwidth fullwidth-box fusion-builder-row-1 fusion-flex-container has-pattern-background has-mask-background fusion-parallax-none nonhundred-percent-fullwidth non-hundred-percent-height-scrolling lazyload\" style=\"--awb-border-radius-top-left:0px;--awb-border-radius-top-right:0px;--awb-border-radius-bottom-right:0px;--awb-border-radius-bottom-left:0px;--awb-padding-bottom:357px;--awb-padding-bottom-small:110px;--awb-margin-bottom-small:0px;--awb-background-size:cover;--awb-flex-wrap:wrap;\" data-bg=\"https:\/\/mtnoma.lv\/wp-content\/uploads\/2025\/06\/mt450_520L.jpg\" ><div class=\"fusion-builder-row fusion-row fusion-flex-align-items-flex-start fusion-flex-content-wrap\" style=\"max-width:1248px;margin-left: calc(-4% \/ 2 );margin-right: calc(-4% \/ 2 );\"><div class=\"fusion-layout-column fusion_builder_column fusion-builder-column-0 fusion_builder_column_1_1 1_1 fusion-flex-column\" style=\"--awb-bg-size:cover;--awb-width-large:100%;--awb-margin-top-large:0px;--awb-spacing-right-large:1.92%;--awb-margin-bottom-large:20px;--awb-spacing-left-large:1.92%;--awb-width-medium:100%;--awb-order-medium:0;--awb-spacing-right-medium:1.92%;--awb-spacing-left-medium:1.92%;--awb-width-small:100%;--awb-order-small:0;--awb-spacing-right-small:1.92%;--awb-spacing-left-small:1.92%;\"><div class=\"fusion-column-wrapper fusion-column-has-shadow fusion-flex-justify-content-flex-start fusion-content-layout-column\"><\/div><\/div><\/div><\/div><div class=\"fusion-fullwidth fullwidth-box fusion-builder-row-2 fusion-flex-container has-pattern-background has-mask-background nonhundred-percent-fullwidth non-hundred-percent-height-scrolling\" style=\"--awb-border-radius-top-left:0px;--awb-border-radius-top-right:0px;--awb-border-radius-bottom-right:0px;--awb-border-radius-bottom-left:0px;--awb-flex-wrap:wrap;\" ><div class=\"fusion-builder-row fusion-row fusion-flex-align-items-flex-start fusion-flex-content-wrap\" style=\"max-width:1248px;margin-left: calc(-4% \/ 2 );margin-right: calc(-4% \/ 2 );\"><div class=\"fusion-layout-column fusion_builder_column fusion-builder-column-1 fusion_builder_column_1_1 1_1 fusion-flex-column\" style=\"--awb-bg-size:cover;--awb-width-large:100%;--awb-margin-top-large:0px;--awb-spacing-right-large:1.92%;--awb-margin-bottom-large:20px;--awb-spacing-left-large:1.92%;--awb-width-medium:100%;--awb-order-medium:0;--awb-spacing-right-medium:1.92%;--awb-spacing-left-medium:1.92%;--awb-width-small:100%;--awb-order-small:0;--awb-spacing-right-small:1.92%;--awb-spacing-left-small:1.92%;\"><div class=\"fusion-column-wrapper fusion-column-has-shadow fusion-flex-justify-content-flex-start fusion-content-layout-column\"><div class=\"fusion-title title fusion-title-1 fusion-sep-none fusion-title-center fusion-title-text fusion-title-size-one\"><h1 class=\"fusion-title-heading title-heading-center\" style=\"margin:0;\">Nomas nosac\u012bjumi<\/p>\n<p>&nbsp;<\/p><\/h1><\/div><div class=\"fusion-text fusion-text-1\"><p><b>Rezerv\u0113\u0161ana:<\/b><\/p>\n<p>Motociklus\/kvadraciklus iesp\u0113jams rezerv\u0113t zvanot pa t\u0101lruni <strong>+371 26 21 26 26<\/strong> vai rakstot uz e-pastu <strong>info@mtnoma.lv<\/strong>.<\/p>\n<p><b>Nomas maksa:<\/b><\/p>\n<p>Dienas nomas maksa tiek apr\u0113\u0137in\u0101ta par dienu, iepriek\u0161 vienojoties pa prec\u012bzu laiku. Nomas maks\u0101 iek\u013cauta tehnisk\u0101 apkope un oblig\u0101t\u0101 civiltiesisk\u0101 apdro\u0161in\u0101\u0161ana (OCTA), Degviela nomas cen\u0101 nav iek\u013cauta.<\/p>\n<p><b>Nomas periods:<\/b><\/p>\n<p>Minim\u0101lais nomas periods ir 1 stunda. P\u0101rsniedzot nomas perioda limitu tiek iekas\u0113ti 10 euro par katru nokav\u0113juma stundu. Ja nomas perioda limits tiek p\u0101rsniegts par 4 stund\u0101m tiek noteikta papildus maksa par pilnu nomas dienu.<\/p>\n<p><b>Personu apliecino\u0161i dokumenti:<\/b><\/p>\n<p>Nomniekam j\u0101uzr\u0101da pase vai ID karte un autovad\u012bt\u0101ja apliec\u012bba, kas ir der\u012bga vismaz v\u0113l 6 m\u0113ne\u0161us no uzr\u0101d\u012b\u0161anas br\u012b\u017ea.<\/p>\n<p><b>Papildus vad\u012bt\u0101js:<\/b><\/p>\n<p>Iznom\u0101to motociklu dr\u012bkst vad\u012bt ar\u012b citi brauc\u0113ji, iepriek\u0161 to nor\u0101dot nomas l\u012bgum\u0101.<\/p>\n<p><b>Maks\u0101jumi:<\/b><\/p>\n<p>Maks\u0101jumus par moto nomu var veikt ar skaidras naudas nor\u0113\u0137inu vai ar bankas p\u0101rskait\u012bjumu pirms motocikla sa\u0146em\u0161anas.<\/p>\n<p>Noteikt\u0101 dro\u0161\u012bbas nauda tiek iekas\u0113te no nomnieka ne v\u0113l\u0101k k\u0101 nomas s\u0101kum\u0101. Dro\u0161\u012bbas nauda ir 100 \u2013 300 EUR<\/p>\n<p><b>pieg\u0101de\/nodo\u0161ana:<\/b><\/p>\n<p>Motocikla pieg\u0101de un nodo\u0161ana \u2013 iepriek\u0161 saska\u0146ojot<\/p>\n<p><b>nomas rezerv\u0101cijas atcel\u0161ana:<\/b><\/p>\n<p>Ja klients v\u0113las atcelt vai izmain\u012bt nomas rezerv\u0101ciju, par to j\u0101pazi\u0146o vismaz 72 stundas pirms paredzam\u0101s rezerv\u0101cijas.<\/p>\n<p>Par rezerv\u0101ciju iemaks\u0101t\u0101 nauda netiek atgriezta.<\/p>\n<p><b>Transporta lieto\u0161ana:<\/b><\/p>\n<p>Tiek noteikts diennakts nobraukuma ierobe\u017eojums 100- 450 km(atkar\u012bb\u0101 no tehnikas vien\u012bbas). Par katru p\u0101rsniegto 1 km tiek noteikta papildus maksa 0.70EUR apm\u0113r\u0101.<\/p>\n<p><b>Teritori\u0101lie ierobe\u017eojumi:<\/b><\/p>\n<p>Latvija, \u0101rvalstis iepriek\u0161 par to vienojoties<\/p>\n<p><b>Degviela:<\/b><\/p>\n<p>Motocikli tiek nodotai klientam ar pilnu degvielas tvertni. Maksa par iztr\u016bksto\u0161\u0101s degvielas uzpild\u012b\u0161anu p\u0113c nomas ir noteikta p\u0113c formulas: <\/p>\n<blockquote>\n<p>\u0160ODIENAS AKTU\u0100L\u0100 degvielas cena <b>x 2<\/b>,  <\/p>\n<\/blockquote>\n<p>par katru tr\u016bksto\u0161o litru.<\/p>\n<\/p>\n<p>Maksa par motocikla atsl\u0113gu pazaud\u0113\u0161anu ir 200 EUR.<\/p>\n<p>Visi sodi par administrat\u012bvo un ce\u013cu satiksmes noteikumu p\u0101rk\u0101pumiem, kas veikti motocikla lieto\u0161anas laik\u0101, j\u0101sedz nomniekam.<\/p>\n<p>Papildus administr\u0101cijas maksa 20 EUR tiks apr\u0113\u0137in\u0101ta par katru sodu, administrat\u012bvo un satiksmes noteikumu p\u0101rk\u0101pumu.<\/p>\n<p>Par net\u012bra motocikla atgrie\u0161anu nomniekam j\u0101maks\u0101 s\u0101kot no 20 EUR.<\/p>\n<\/div><\/div><\/div><\/div><\/div><\/p>\n","protected":false},"excerpt":{"rendered":"","protected":false},"author":1,"featured_media":0,"parent":0,"menu_order":0,"comment_status":"closed","ping_status":"closed","template":"100-width.php","meta":{"footnotes":""},"class_list":["post-1673","page","type-page","status-publish","hentry"],"_links":{"self":[{"href":"https:\/\/mtnoma.lv\/index.php?rest_route=\/wp\/v2\/pages\/1673","targetHints":{"allow":["GET"]}}],"collection":[{"href":"https:\/\/mtnoma.lv\/index.php?rest_route=\/wp\/v2\/pages"}],"about":[{"href":"https:\/\/mtnoma.lv\/index.php?rest_route=\/wp\/v2\/types\/page"}],"author":[{"embeddable":true,"href":"https:\/\/mtnoma.lv\/index.php?rest_route=\/wp\/v2\/users\/1"}],"replies":[{"embeddable":true,"href":"https:\/\/mtnoma.lv\/index.php?rest_route=%2Fwp%2Fv2%2Fcomments&post=1673"}],"version-history":[{"count":10,"href":"https:\/\/mtnoma.lv\/index.php?rest_route=\/wp\/v2\/pages\/1673\/revisions"}],"predecessor-version":[{"id":1713,"href":"https:\/\/mtnoma.lv\/index.php?rest_route=\/wp\/v2\/pages\/1673\/revisions\/1713"}],"wp:attachment":[{"href":"https:\/\/mtnoma.lv\/index.php?rest_route=%2Fwp%2Fv2%2Fmedia&parent=1673"}],"curies":[{"name":"wp","href":"https:\/\/api.w.org\/{rel}","templated":true}]}}